{"id":3,"date":"2026-03-06T18:22:58","date_gmt":"2026-03-06T18:22:58","guid":{"rendered":"https:\/\/ebs-dienstleistungen.com\/?page_id=3"},"modified":"2026-03-17T00:48:11","modified_gmt":"2026-03-17T00:48:11","slug":"privacy-policy","status":"publish","type":"page","link":"https:\/\/ebs-dienstleistungen.com\/index.php\/privacy-policy\/","title":{"rendered":"Datenschutzerkl\u00e4rung"},"content":{"rendered":"<section  class='av_textblock_section av-mmgzv3sn-3e94401049cb11205d9b16ff566e0fd0 '   itemscope=\"itemscope\" itemtype=\"https:\/\/schema.org\/CreativeWork\" ><div class='avia_textblock'  itemprop=\"text\" ><h2 data-section-id=\"1oymf5x\" data-start=\"521\" data-end=\"543\">Datenschutzerkl\u00e4rung<\/h2>\n<h2 data-section-id=\"1fec0qf\" data-start=\"545\" data-end=\"578\">1. Datenschutz auf einen Blick<\/h2>\n<h3 data-section-id=\"1efqoj1\" data-start=\"580\" data-end=\"603\">Allgemeine Hinweise<\/h3>\n<p data-start=\"604\" data-end=\"842\">Die folgenden Hinweise geben einen einfachen \u00dcberblick dar\u00fcber, was mit Ihren personenbezogenen Daten passiert, wenn Sie diese Website besuchen. Personenbezogene Daten sind alle Daten, mit denen Sie pers\u00f6nlich identifiziert werden k\u00f6nnen.<\/p>\n<p data-start=\"844\" data-end=\"963\">Ausf\u00fchrliche Informationen zum Thema Datenschutz entnehmen Sie der unter diesem Text aufgef\u00fchrten Datenschutzerkl\u00e4rung.<\/p>\n<h3 data-section-id=\"x2zsph\" data-start=\"965\" data-end=\"1002\">Datenerfassung auf dieser Website<\/h3>\n<p data-start=\"1004\" data-end=\"1073\"><strong data-start=\"1004\" data-end=\"1073\">Wer ist verantwortlich f\u00fcr die Datenerfassung auf dieser Website?<\/strong><\/p>\n<p data-start=\"1075\" data-end=\"1151\">Die Datenverarbeitung auf dieser Website erfolgt durch den Websitebetreiber.<\/p>\n<p data-start=\"1153\" data-end=\"1223\"><strong data-start=\"1153\" data-end=\"1223\">Verantwortlicher im Sinne der Datenschutz-Grundverordnung (DSGVO):<\/strong><\/p>\n<p data-start=\"1225\" data-end=\"1321\">EBS Dienstleistungen<br data-start=\"1245\" data-end=\"1248\" \/>Inhaber: Ey\u00fcb \u00d6zkan<br data-start=\"1267\" data-end=\"1270\" \/>Boschstra\u00dfe 11, 71404 Korb<br data-start=\"1305\" data-end=\"1308\" \/>Deutschland<\/p>\n<p data-start=\"1323\" data-end=\"1392\">Mobil: +49 (0) 176 24637499<br data-start=\"1350\" data-end=\"1353\" \/>E-Mail: <a class=\"decorated-link cursor-pointer\" rel=\"noopener\" data-start=\"1361\" data-end=\"1390\">info@ebs-dienstleistungen.com<\/a><\/p>\n<p data-start=\"1394\" data-end=\"1532\">Der Verantwortliche entscheidet allein oder gemeinsam mit anderen \u00fcber die Zwecke und Mittel der Verarbeitung von personenbezogenen Daten.<\/p>\n<hr data-start=\"1534\" data-end=\"1537\" \/>\n<h1 data-section-id=\"bnngxx\" data-start=\"1539\" data-end=\"1588\">2. Allgemeine Hinweise und Pflichtinformationen<\/h1>\n<h2 data-section-id=\"kwjbb0\" data-start=\"1590\" data-end=\"1604\">Datenschutz<\/h2>\n<p data-start=\"1605\" data-end=\"1834\">Der Betreiber dieser Seiten nimmt den Schutz Ihrer pers\u00f6nlichen Daten sehr ernst. Wir behandeln Ihre personenbezogenen Daten vertraulich und entsprechend der gesetzlichen Datenschutzvorschriften sowie dieser Datenschutzerkl\u00e4rung.<\/p>\n<p data-start=\"1836\" data-end=\"2009\">Wenn Sie diese Website benutzen, werden verschiedene personenbezogene Daten erhoben. Personenbezogene Daten sind Daten, mit denen Sie pers\u00f6nlich identifiziert werden k\u00f6nnen.<\/p>\n<p data-start=\"2011\" data-end=\"2159\">Diese Datenschutzerkl\u00e4rung erl\u00e4utert, welche Daten wir erheben und wof\u00fcr wir sie nutzen. Sie erl\u00e4utert auch, wie und zu welchem Zweck das geschieht.<\/p>\n<p data-start=\"2161\" data-end=\"2373\">Wir weisen darauf hin, dass die Daten\u00fcbertragung im Internet (z. B. bei Kommunikation per E-Mail) Sicherheitsl\u00fccken aufweisen kann. Ein l\u00fcckenloser Schutz der Daten vor dem Zugriff durch Dritte ist nicht m\u00f6glich.<\/p>\n<hr data-start=\"2375\" data-end=\"2378\" \/>\n<h2 data-section-id=\"vjsq7t\" data-start=\"2380\" data-end=\"2418\">Hinweis zur verantwortlichen Stelle<\/h2>\n<p data-start=\"2419\" data-end=\"2495\">Die verantwortliche Stelle f\u00fcr die Datenverarbeitung auf dieser Website ist:<\/p>\n<p data-start=\"2497\" data-end=\"2593\">EBS Dienstleistungen<br data-start=\"2517\" data-end=\"2520\" \/>Inhaber: Ey\u00fcb \u00d6zkan<br data-start=\"2539\" data-end=\"2542\" \/>Mayenner Str. 16<br data-start=\"2558\" data-end=\"2561\" \/>71332 Waiblingen<br data-start=\"2577\" data-end=\"2580\" \/>Deutschland<\/p>\n<p data-start=\"2595\" data-end=\"2664\">Mobil: +49 (0) 176 24637499<br data-start=\"2622\" data-end=\"2625\" \/>E-Mail: <a class=\"decorated-link cursor-pointer\" rel=\"noopener\" data-start=\"2633\" data-end=\"2662\">info@ebs-dienstleistungen.com<\/a><\/p>\n<p data-start=\"2666\" data-end=\"2851\">Verantwortliche Stelle ist die nat\u00fcrliche oder juristische Person, die allein oder gemeinsam mit anderen \u00fcber die Zwecke und Mittel der Verarbeitung personenbezogener Daten entscheidet.<\/p>\n<hr data-start=\"2853\" data-end=\"2856\" \/>\n<h2 data-section-id=\"12k31kh\" data-start=\"2858\" data-end=\"2874\">Speicherdauer<\/h2>\n<p data-start=\"2875\" data-end=\"3065\">Soweit innerhalb dieser Datenschutzerkl\u00e4rung keine speziellere Speicherdauer genannt wurde, verbleiben Ihre personenbezogenen Daten bei uns, bis der Zweck f\u00fcr die Datenverarbeitung entf\u00e4llt.<\/p>\n<p data-start=\"3067\" data-end=\"3376\">Wenn Sie ein berechtigtes L\u00f6schersuchen geltend machen oder eine Einwilligung zur Datenverarbeitung widerrufen, werden Ihre Daten gel\u00f6scht, sofern wir keine anderen rechtlich zul\u00e4ssigen Gr\u00fcnde f\u00fcr die Speicherung Ihrer personenbezogenen Daten haben (z. B. steuer- oder handelsrechtliche Aufbewahrungsfristen).<\/p>\n<hr data-start=\"3378\" data-end=\"3381\" \/>\n<h2 data-section-id=\"k5o8g8\" data-start=\"3383\" data-end=\"3424\">Rechtsgrundlagen der Datenverarbeitung<\/h2>\n<p data-start=\"3425\" data-end=\"3480\">Die Verarbeitung Ihrer Daten erfolgt auf Grundlage von:<\/p>\n<ul data-start=\"3482\" data-end=\"3716\">\n<li data-section-id=\"mq6940\" data-start=\"3482\" data-end=\"3525\">\n<p data-start=\"3484\" data-end=\"3525\">Art. 6 Abs. 1 lit. a DSGVO (Einwilligung)<\/p>\n<\/li>\n<li data-section-id=\"m344n5\" data-start=\"3526\" data-end=\"3605\">\n<p data-start=\"3528\" data-end=\"3605\">Art. 6 Abs. 1 lit. b DSGVO (Vertragserf\u00fcllung oder vorvertragliche Ma\u00dfnahmen)<\/p>\n<\/li>\n<li data-section-id=\"euv5f0\" data-start=\"3606\" data-end=\"3662\">\n<p data-start=\"3608\" data-end=\"3662\">Art. 6 Abs. 1 lit. c DSGVO (gesetzliche Verpflichtung)<\/p>\n<\/li>\n<li data-section-id=\"1avaozy\" data-start=\"3663\" data-end=\"3716\">\n<p data-start=\"3665\" data-end=\"3716\">Art. 6 Abs. 1 lit. f DSGVO (berechtigtes Interesse)<\/p>\n<\/li>\n<\/ul>\n<hr data-start=\"3718\" data-end=\"3721\" \/>\n<h2 data-section-id=\"1ovhrlc\" data-start=\"3723\" data-end=\"3775\">Widerruf Ihrer Einwilligung zur Datenverarbeitung<\/h2>\n<p data-start=\"3776\" data-end=\"3864\">Viele Datenverarbeitungsvorg\u00e4nge sind nur mit Ihrer ausdr\u00fccklichen Einwilligung m\u00f6glich.<\/p>\n<p data-start=\"3866\" data-end=\"3989\">Sie k\u00f6nnen eine bereits erteilte Einwilligung jederzeit widerrufen. Dazu reicht eine formlose Mitteilung per E-Mail an uns.<\/p>\n<hr data-start=\"3991\" data-end=\"3994\" \/>\n<h2 data-section-id=\"1yi4dib\" data-start=\"3996\" data-end=\"4051\">Beschwerderecht bei der zust\u00e4ndigen Aufsichtsbeh\u00f6rde<\/h2>\n<p data-start=\"4052\" data-end=\"4170\">Im Falle von datenschutzrechtlichen Verst\u00f6\u00dfen steht den Betroffenen ein Beschwerderecht bei einer Aufsichtsbeh\u00f6rde zu.<\/p>\n<p data-start=\"4172\" data-end=\"4225\">Zust\u00e4ndige Aufsichtsbeh\u00f6rde in Baden-W\u00fcrttemberg ist:<\/p>\n<p data-start=\"4227\" data-end=\"4351\">Der Landesbeauftragte f\u00fcr den Datenschutz und die Informationsfreiheit Baden-W\u00fcrttemberg<br data-start=\"4315\" data-end=\"4318\" \/>K\u00f6nigstra\u00dfe 10a<br data-start=\"4333\" data-end=\"4336\" \/>70173 Stuttgart<\/p>\n<hr data-start=\"4353\" data-end=\"4356\" \/>\n<h2 data-section-id=\"vwzve6\" data-start=\"4358\" data-end=\"4391\">Recht auf Daten\u00fcbertragbarkeit<\/h2>\n<p data-start=\"4392\" data-end=\"4617\">Sie haben das Recht, Daten, die wir auf Grundlage Ihrer Einwilligung oder in Erf\u00fcllung eines Vertrags automatisiert verarbeiten, an sich oder an einen Dritten in einem g\u00e4ngigen, maschinenlesbaren Format aush\u00e4ndigen zu lassen.<\/p>\n<hr data-start=\"4619\" data-end=\"4622\" \/>\n<h2 data-section-id=\"1a4nbks\" data-start=\"4624\" data-end=\"4662\">Auskunft, L\u00f6schung und Berichtigung<\/h2>\n<p data-start=\"4663\" data-end=\"4747\">Sie haben im Rahmen der geltenden gesetzlichen Bestimmungen jederzeit das Recht auf:<\/p>\n<ul data-start=\"4749\" data-end=\"4950\">\n<li data-section-id=\"1v6tcoo\" data-start=\"4749\" data-end=\"4824\">\n<p data-start=\"4751\" data-end=\"4824\">unentgeltliche Auskunft \u00fcber Ihre gespeicherten personenbezogenen Daten<\/p>\n<\/li>\n<li data-section-id=\"z9bgra\" data-start=\"4825\" data-end=\"4857\">\n<p data-start=\"4827\" data-end=\"4857\">deren Herkunft und Empf\u00e4nger<\/p>\n<\/li>\n<li data-section-id=\"1j48eii\" data-start=\"4858\" data-end=\"4893\">\n<p data-start=\"4860\" data-end=\"4893\">den Zweck der Datenverarbeitung<\/p>\n<\/li>\n<li data-section-id=\"g9sr6h\" data-start=\"4894\" data-end=\"4910\">\n<p data-start=\"4896\" data-end=\"4910\">Berichtigung<\/p>\n<\/li>\n<li data-section-id=\"1q0a1ae\" data-start=\"4911\" data-end=\"4950\">\n<p data-start=\"4913\" data-end=\"4950\">Sperrung oder L\u00f6schung dieser Daten<\/p>\n<\/li>\n<\/ul>\n<p data-start=\"4952\" data-end=\"5046\">Hierzu sowie zu weiteren Fragen zum Thema Datenschutz k\u00f6nnen Sie sich jederzeit an uns wenden.<\/p>\n<hr data-start=\"5048\" data-end=\"5051\" \/>\n<h1 data-section-id=\"xg84yw\" data-start=\"5053\" data-end=\"5091\">3. Datenerfassung auf dieser Website<\/h1>\n<h2 data-section-id=\"1shnhua\" data-start=\"5093\" data-end=\"5114\">Server-Log-Dateien<\/h2>\n<p data-start=\"5115\" data-end=\"5268\">Der Provider der Seiten erhebt und speichert automatisch Informationen in sogenannten Server-Log-Dateien, die Ihr Browser automatisch an uns \u00fcbermittelt.<\/p>\n<p data-start=\"5270\" data-end=\"5295\">Dies sind beispielsweise:<\/p>\n<ul data-start=\"5297\" data-end=\"5462\">\n<li data-section-id=\"lq55n4\" data-start=\"5297\" data-end=\"5330\">\n<p data-start=\"5299\" data-end=\"5330\">Browsertyp und Browserversion<\/p>\n<\/li>\n<li data-section-id=\"16zjdan\" data-start=\"5331\" data-end=\"5361\">\n<p data-start=\"5333\" data-end=\"5361\">verwendetes Betriebssystem<\/p>\n<\/li>\n<li data-section-id=\"anwpz4\" data-start=\"5362\" data-end=\"5378\">\n<p data-start=\"5364\" data-end=\"5378\">Referrer URL<\/p>\n<\/li>\n<li data-section-id=\"11xzbtr\" data-start=\"5379\" data-end=\"5417\">\n<p data-start=\"5381\" data-end=\"5417\">Hostname des zugreifenden Rechners<\/p>\n<\/li>\n<li data-section-id=\"6is6x7\" data-start=\"5418\" data-end=\"5447\">\n<p data-start=\"5420\" data-end=\"5447\">Uhrzeit der Serveranfrage<\/p>\n<\/li>\n<li data-section-id=\"1h0uk97\" data-start=\"5448\" data-end=\"5462\">\n<p data-start=\"5450\" data-end=\"5462\">IP-Adresse<\/p>\n<\/li>\n<\/ul>\n<p data-start=\"5464\" data-end=\"5530\">Diese Daten werden nicht mit anderen Datenquellen zusammengef\u00fchrt.<\/p>\n<p data-start=\"5532\" data-end=\"5742\">Die Erfassung dieser Daten erfolgt auf Grundlage von Art. 6 Abs. 1 lit. f DSGVO. Der Websitebetreiber hat ein berechtigtes Interesse an der technisch fehlerfreien Darstellung und der Optimierung seiner Website.<\/p>\n<hr data-start=\"5744\" data-end=\"5747\" \/>\n<h2 data-section-id=\"1r8wen4\" data-start=\"5749\" data-end=\"5783\">Kontakt per E-Mail oder Telefon<\/h2>\n<p data-start=\"5784\" data-end=\"6024\">Wenn Sie uns per E-Mail oder Telefon kontaktieren, wird Ihre Anfrage inklusive aller daraus hervorgehenden personenbezogenen Daten (Name, Anfrage, Kontaktdaten) zum Zwecke der Bearbeitung Ihres Anliegens bei uns gespeichert und verarbeitet.<\/p>\n<p data-start=\"6026\" data-end=\"6084\">Diese Daten geben wir nicht ohne Ihre Einwilligung weiter.<\/p>\n<p data-start=\"6086\" data-end=\"6224\">Die Verarbeitung erfolgt auf Grundlage von Art. 6 Abs. 1 lit. b DSGVO, sofern Ihre Anfrage mit der Erf\u00fcllung eines Vertrags zusammenh\u00e4ngt.<\/p>\n<hr data-start=\"6226\" data-end=\"6229\" \/>\n<h1 data-section-id=\"214r1n\" data-start=\"6231\" data-end=\"6243\">4. Cookies<\/h1>\n<p data-start=\"6245\" data-end=\"6385\">Unsere Internetseiten verwenden teilweise sogenannte Cookies. Cookies richten auf Ihrem Rechner keinen Schaden an und enthalten keine Viren.<\/p>\n<p data-start=\"6387\" data-end=\"6476\">Cookies dienen dazu, unser Angebot nutzerfreundlicher, effektiver und sicherer zu machen.<\/p>\n<p data-start=\"6478\" data-end=\"6612\">Sie k\u00f6nnen Ihren Browser so einstellen, dass Sie \u00fcber das Setzen von Cookies informiert werden und Cookies nur im Einzelfall erlauben.<\/p>\n<hr data-start=\"6614\" data-end=\"6617\" \/>\n<h1 data-section-id=\"1xdqqdv\" data-start=\"6619\" data-end=\"6641\">5. Plugins und Tools<\/h1>\n<h2 data-section-id=\"1ulxybj\" data-start=\"6643\" data-end=\"6675\">SSL- bzw. TLS-Verschl\u00fcsselung<\/h2>\n<p data-start=\"6676\" data-end=\"6805\">Diese Seite nutzt aus Sicherheitsgr\u00fcnden und zum Schutz der \u00dcbertragung vertraulicher Inhalte eine SSL- bzw. TLS-Verschl\u00fcsselung.<\/p>\n<p data-start=\"6807\" data-end=\"6930\">Eine verschl\u00fcsselte Verbindung erkennen Sie daran, dass die Adresszeile des Browsers von \u201ehttp:\/\/\u201c auf \u201ehttps:\/\/\u201c wechselt.<\/p>\n<hr data-start=\"6932\" data-end=\"6935\" \/>\n<h1 data-section-id=\"t00anz\" data-start=\"6937\" data-end=\"6980\">6. \u00c4nderungen dieser Datenschutzerkl\u00e4rung<\/h1>\n<p data-start=\"6981\" data-end=\"7186\">Wir behalten uns vor, diese Datenschutzerkl\u00e4rung anzupassen, damit sie stets den aktuellen rechtlichen Anforderungen entspricht oder um \u00c4nderungen unserer Leistungen in der Datenschutzerkl\u00e4rung umzusetzen.<\/p>\n<p data-start=\"7188\" data-end=\"7254\">F\u00fcr Ihren erneuten Besuch gilt dann die neue Datenschutzerkl\u00e4rung.<\/p>\n<\/div><\/section>\n","protected":false},"excerpt":{"rendered":"","protected":false},"author":1,"featured_media":0,"parent":0,"menu_order":0,"comment_status":"closed","ping_status":"closed","template":"","meta":{"footnotes":""},"class_list":["post-3","page","type-page","status-publish","hentry"],"yoast_head":"<!-- This site is optimized with the Yoast SEO plugin v27.4 - https:\/\/yoast.com\/product\/yoast-seo-wordpress\/ -->\n<title>Datenschutzerkl\u00e4rung - EBS Dienstleistungen<\/title>\n<meta name=\"robots\" content=\"index, follow, max-snippet:-1, max-image-preview:large, max-video-preview:-1\" \/>\n<link rel=\"canonical\" href=\"https:\/\/ebs-dienstleistungen.com\/index.php\/privacy-policy\/\" \/>\n<meta property=\"og:locale\" content=\"de_DE\" \/>\n<meta property=\"og:type\" content=\"article\" \/>\n<meta property=\"og:title\" content=\"Datenschutzerkl\u00e4rung - EBS Dienstleistungen\" \/>\n<meta property=\"og:url\" content=\"https:\/\/ebs-dienstleistungen.com\/index.php\/privacy-policy\/\" \/>\n<meta property=\"og:site_name\" content=\"EBS Dienstleistungen\" \/>\n<meta property=\"article:modified_time\" content=\"2026-03-17T00:48:11+00:00\" \/>\n<meta name=\"twitter:card\" content=\"summary_large_image\" \/>\n<meta name=\"twitter:label1\" content=\"Gesch\u00e4tzte Lesezeit\" \/>\n\t<meta name=\"twitter:data1\" content=\"5\u00a0Minuten\" \/>\n<script type=\"application\/ld+json\" class=\"yoast-schema-graph\">{\"@context\":\"https:\\\/\\\/schema.org\",\"@graph\":[{\"@type\":\"WebPage\",\"@id\":\"https:\\\/\\\/ebs-dienstleistungen.com\\\/index.php\\\/privacy-policy\\\/\",\"url\":\"https:\\\/\\\/ebs-dienstleistungen.com\\\/index.php\\\/privacy-policy\\\/\",\"name\":\"Datenschutzerkl\u00e4rung - EBS Dienstleistungen\",\"isPartOf\":{\"@id\":\"https:\\\/\\\/ebs-dienstleistungen.com\\\/#website\"},\"datePublished\":\"2026-03-06T18:22:58+00:00\",\"dateModified\":\"2026-03-17T00:48:11+00:00\",\"breadcrumb\":{\"@id\":\"https:\\\/\\\/ebs-dienstleistungen.com\\\/index.php\\\/privacy-policy\\\/#breadcrumb\"},\"inLanguage\":\"de\",\"potentialAction\":[{\"@type\":\"ReadAction\",\"target\":[\"https:\\\/\\\/ebs-dienstleistungen.com\\\/index.php\\\/privacy-policy\\\/\"]}]},{\"@type\":\"BreadcrumbList\",\"@id\":\"https:\\\/\\\/ebs-dienstleistungen.com\\\/index.php\\\/privacy-policy\\\/#breadcrumb\",\"itemListElement\":[{\"@type\":\"ListItem\",\"position\":1,\"name\":\"Start\",\"item\":\"https:\\\/\\\/ebs-dienstleistungen.com\\\/index.php\\\/willkommen\\\/\"},{\"@type\":\"ListItem\",\"position\":2,\"name\":\"Datenschutzerkl\u00e4rung\"}]},{\"@type\":\"WebSite\",\"@id\":\"https:\\\/\\\/ebs-dienstleistungen.com\\\/#website\",\"url\":\"https:\\\/\\\/ebs-dienstleistungen.com\\\/\",\"name\":\"EBS Dienstleistungen\",\"description\":\"Willkommen\",\"potentialAction\":[{\"@type\":\"SearchAction\",\"target\":{\"@type\":\"EntryPoint\",\"urlTemplate\":\"https:\\\/\\\/ebs-dienstleistungen.com\\\/?s={search_term_string}\"},\"query-input\":{\"@type\":\"PropertyValueSpecification\",\"valueRequired\":true,\"valueName\":\"search_term_string\"}}],\"inLanguage\":\"de\"}]}<\/script>\n<!-- \/ Yoast SEO plugin. -->","yoast_head_json":{"title":"Datenschutzerkl\u00e4rung - EBS Dienstleistungen","robots":{"index":"index","follow":"follow","max-snippet":"max-snippet:-1","max-image-preview":"max-image-preview:large","max-video-preview":"max-video-preview:-1"},"canonical":"https:\/\/ebs-dienstleistungen.com\/index.php\/privacy-policy\/","og_locale":"de_DE","og_type":"article","og_title":"Datenschutzerkl\u00e4rung - EBS Dienstleistungen","og_url":"https:\/\/ebs-dienstleistungen.com\/index.php\/privacy-policy\/","og_site_name":"EBS Dienstleistungen","article_modified_time":"2026-03-17T00:48:11+00:00","twitter_card":"summary_large_image","twitter_misc":{"Gesch\u00e4tzte Lesezeit":"5\u00a0Minuten"},"schema":{"@context":"https:\/\/schema.org","@graph":[{"@type":"WebPage","@id":"https:\/\/ebs-dienstleistungen.com\/index.php\/privacy-policy\/","url":"https:\/\/ebs-dienstleistungen.com\/index.php\/privacy-policy\/","name":"Datenschutzerkl\u00e4rung - EBS Dienstleistungen","isPartOf":{"@id":"https:\/\/ebs-dienstleistungen.com\/#website"},"datePublished":"2026-03-06T18:22:58+00:00","dateModified":"2026-03-17T00:48:11+00:00","breadcrumb":{"@id":"https:\/\/ebs-dienstleistungen.com\/index.php\/privacy-policy\/#breadcrumb"},"inLanguage":"de","potentialAction":[{"@type":"ReadAction","target":["https:\/\/ebs-dienstleistungen.com\/index.php\/privacy-policy\/"]}]},{"@type":"BreadcrumbList","@id":"https:\/\/ebs-dienstleistungen.com\/index.php\/privacy-policy\/#breadcrumb","itemListElement":[{"@type":"ListItem","position":1,"name":"Start","item":"https:\/\/ebs-dienstleistungen.com\/index.php\/willkommen\/"},{"@type":"ListItem","position":2,"name":"Datenschutzerkl\u00e4rung"}]},{"@type":"WebSite","@id":"https:\/\/ebs-dienstleistungen.com\/#website","url":"https:\/\/ebs-dienstleistungen.com\/","name":"EBS Dienstleistungen","description":"Willkommen","potentialAction":[{"@type":"SearchAction","target":{"@type":"EntryPoint","urlTemplate":"https:\/\/ebs-dienstleistungen.com\/?s={search_term_string}"},"query-input":{"@type":"PropertyValueSpecification","valueRequired":true,"valueName":"search_term_string"}}],"inLanguage":"de"}]}},"_links":{"self":[{"href":"https:\/\/ebs-dienstleistungen.com\/index.php\/wp-json\/wp\/v2\/pages\/3","targetHints":{"allow":["GET"]}}],"collection":[{"href":"https:\/\/ebs-dienstleistungen.com\/index.php\/wp-json\/wp\/v2\/pages"}],"about":[{"href":"https:\/\/ebs-dienstleistungen.com\/index.php\/wp-json\/wp\/v2\/types\/page"}],"author":[{"embeddable":true,"href":"https:\/\/ebs-dienstleistungen.com\/index.php\/wp-json\/wp\/v2\/users\/1"}],"replies":[{"embeddable":true,"href":"https:\/\/ebs-dienstleistungen.com\/index.php\/wp-json\/wp\/v2\/comments?post=3"}],"version-history":[{"count":3,"href":"https:\/\/ebs-dienstleistungen.com\/index.php\/wp-json\/wp\/v2\/pages\/3\/revisions"}],"predecessor-version":[{"id":68,"href":"https:\/\/ebs-dienstleistungen.com\/index.php\/wp-json\/wp\/v2\/pages\/3\/revisions\/68"}],"wp:attachment":[{"href":"https:\/\/ebs-dienstleistungen.com\/index.php\/wp-json\/wp\/v2\/media?parent=3"}],"curies":[{"name":"wp","href":"https:\/\/api.w.org\/{rel}","templated":true}]}}